{"id":756,"date":"2015-02-16T14:49:21","date_gmt":"2015-02-16T14:49:21","guid":{"rendered":"http:\/\/education.themerex.net\/?page_id=756"},"modified":"2021-08-20T09:36:35","modified_gmt":"2021-08-20T14:36:35","slug":"about-us","status":"publish","type":"page","link":"https:\/\/soyformally.com\/?page_id=756","title":{"rendered":"Qui\u00e9nes Somos"},"content":{"rendered":"<div class=\"wpb-content-wrapper\"><p>[vc_row full_width=&#8221;stretch_row_content&#8221; css=&#8221;.vc_custom_1591479487086{margin-left: -20px !important;}&#8221;][vc_column]<div class=\"sc_section\" style=\"margin-top:5.5em !important;margin-bottom:6.5em !important;\"><div class=\"columns_wrap sc_columns columns_nofluid sc_columns_count_2\" style=\"margin-right:20px;margin-left:-20px;\"><div class=\"column-1_2 sc_column_item sc_column_item_1 odd first\" style=\"text-align:center;\"><figure class=\"sc_image  sc_image_shape_square\"><img decoding=\"async\" src=\"https:\/\/soyformally.com\/wp-content\/uploads\/2021\/08\/somos-formally.jpg\" alt=\"\" \/><\/figure><\/div><div class=\"column-1_2 sc_column_item sc_column_item_2 even\" style=\"text-align:left;\"><h3 class=\"sc_title sc_title_regular\" style=\"margin-top:0px;margin-bottom:20px;\">\u00a1Formally es una herramienta tecnol\u00f3gica de f\u00e1cil acceso!<\/h3><div class=\"sc_section\" style=\"margin-bottom:2.5em !important;\">[vc_column_text]Cada uno de los servicios est\u00e1 asesorado directamente por abogados especializados, quienes brindar\u00e1n la mejor opci\u00f3n para cada una de las necesidades.<\/p>\n<ul>\n<li>Contrataci\u00f3n.<\/li>\n<li>Afiliaci\u00f3n (ARL, EPS, Fondo de Pensiones, otro).<\/li>\n<li>Pagos a Seguridad Social y Parafiscales.<\/li>\n<li>Cumplimiento requisitos legales.<\/li>\n<li>Asesor\u00edas.<\/li>\n<\/ul>\n<p>[\/vc_column_text]<\/div><\/div><\/div><\/div>[\/vc_column][\/vc_row][vc_row full_width=&#8221;stretch_row&#8221; full_height=&#8221;yes&#8221; content_placement=&#8221;middle&#8221; disable_element=&#8221;yes&#8221; css=&#8221;.vc_custom_1628786482305{background-color: #ffc429 !important;}&#8221;][vc_column]<h1 class=\"sc_title sc_title_regular sc_align_center\" style=\"text-align:center;color:#ffffff;\"><\/p>\n<p style=\"text-align: center;\"><strong>Nuestro Equipo<\/strong><\/p>\n<p><\/h1><div class=\"sc_team sc_team_style_1\" data-animation=\"animated fadeInRight normal\"><div class=\"sc_columns columns_wrap\"><div class=\"column-1_3\"><div class=\"sc_team_item sc_team_item_1 odd first\"><div class=\"sc_team_item_avatar\"><img loading=\"lazy\" decoding=\"async\" class=\"wp-post-image\" width=\"355\" height=\"355\" alt=\"Natalia.jpg\" src=\"https:\/\/soyformally.com\/wp-content\/uploads\/2020\/06\/Natalia-355x355.jpg\"><\/div><div class=\"sc_team_item_info\"><h4 class=\"sc_team_item_title\"><a href=\"https:\/\/soyformally.com\/?team=natalia-rodriguez\">Natalia Rodr\u00edguez<\/a><\/h4><div class=\"sc_team_item_position\">Chief Marketing Officer CMO<\/div><div class=\"sc_team_item_socials\"><div class=\"sc_socials sc_socials_size_small  color_icons\"><div class=\"sc_socials_item\"><a href=\"#\" target=\"_blank\" class=\"social_icons social_camera icons\"><span class=\"icon-camera\"><\/span><span class=\"sc_socials_hover icon-camera\"><\/span><\/a><\/div><div class=\"sc_socials_item\"><a href=\"#\" target=\"_blank\" class=\"social_icons social_facebook icons\"><span class=\"icon-facebook\"><\/span><span class=\"sc_socials_hover icon-facebook\"><\/span><\/a><\/div><div class=\"sc_socials_item\"><a href=\"#\" target=\"_blank\" class=\"social_icons social_linkedin icons\"><span class=\"icon-linkedin\"><\/span><span class=\"sc_socials_hover icon-linkedin\"><\/span><\/a><\/div><div class=\"sc_socials_item\"><a href=\"#\" target=\"_blank\" class=\"social_icons social_youtube icons\"><span class=\"icon-youtube\"><\/span><span class=\"sc_socials_hover icon-youtube\"><\/span><\/a><\/div><\/div><\/div><\/div><\/div><\/div><div class=\"column-1_3\"><div class=\"sc_team_item sc_team_item_2 even\"><div class=\"sc_team_item_avatar\"><img loading=\"lazy\" decoding=\"async\" class=\"wp-post-image\" width=\"355\" height=\"355\" alt=\"Daniel.jpg\" src=\"https:\/\/soyformally.com\/wp-content\/uploads\/2015\/04\/Daniel-355x355.jpg\"><\/div><div class=\"sc_team_item_info\"><h4 class=\"sc_team_item_title\"><a href=\"https:\/\/soyformally.com\/?team=tom-anderson\">Daniel   L\u00f3pez<\/a><\/h4><div class=\"sc_team_item_position\">Chief Executive Officer CEO<\/div><div class=\"sc_team_item_socials\"><div class=\"sc_socials sc_socials_size_small  color_icons\"><div class=\"sc_socials_item\"><a href=\"#\" target=\"_blank\" class=\"social_icons social_camera icons\"><span class=\"icon-camera\"><\/span><span class=\"sc_socials_hover icon-camera\"><\/span><\/a><\/div><div class=\"sc_socials_item\"><a href=\"#\" target=\"_blank\" class=\"social_icons social_facebook icons\"><span class=\"icon-facebook\"><\/span><span class=\"sc_socials_hover icon-facebook\"><\/span><\/a><\/div><div class=\"sc_socials_item\"><a href=\"#\" target=\"_blank\" class=\"social_icons social_linkedin icons\"><span class=\"icon-linkedin\"><\/span><span class=\"sc_socials_hover icon-linkedin\"><\/span><\/a><\/div><div class=\"sc_socials_item\"><a href=\"#\" target=\"_blank\" class=\"social_icons social_youtube icons\"><span class=\"icon-youtube\"><\/span><span class=\"sc_socials_hover icon-youtube\"><\/span><\/a><\/div><\/div><\/div><\/div><\/div><\/div><div class=\"column-1_3\"><div class=\"sc_team_item sc_team_item_3 odd\"><div class=\"sc_team_item_avatar\"><img loading=\"lazy\" decoding=\"async\" class=\"wp-post-image\" width=\"355\" height=\"355\" alt=\"Juliana.jpg\" src=\"https:\/\/soyformally.com\/wp-content\/uploads\/2015\/02\/Juliana-355x355.jpg\"><\/div><div class=\"sc_team_item_info\"><h4 class=\"sc_team_item_title\"><a href=\"https:\/\/soyformally.com\/?team=sara-bates\">Juliana Morad<\/a><\/h4><div class=\"sc_team_item_position\">Chief Operating Officer COO<\/div><div class=\"sc_team_item_socials\"><div class=\"sc_socials sc_socials_size_small  color_icons\"><div class=\"sc_socials_item\"><a href=\"#\" target=\"_blank\" class=\"social_icons social_camera icons\"><span class=\"icon-camera\"><\/span><span class=\"sc_socials_hover icon-camera\"><\/span><\/a><\/div><div class=\"sc_socials_item\"><a href=\"#\" target=\"_blank\" class=\"social_icons social_facebook icons\"><span class=\"icon-facebook\"><\/span><span class=\"sc_socials_hover icon-facebook\"><\/span><\/a><\/div><div class=\"sc_socials_item\"><a href=\"#\" target=\"_blank\" class=\"social_icons social_linkedin icons\"><span class=\"icon-linkedin\"><\/span><span class=\"sc_socials_hover icon-linkedin\"><\/span><\/a><\/div><div class=\"sc_socials_item\"><a href=\"#\" target=\"_blank\" class=\"social_icons social_youtube icons\"><span class=\"icon-youtube\"><\/span><span class=\"sc_socials_hover icon-youtube\"><\/span><\/a><\/div><\/div><\/div><\/div><\/div><\/div><div class=\"column-1_3\"><div class=\"sc_team_item sc_team_item_4 even\"><div class=\"sc_team_item_avatar\"><img loading=\"lazy\" decoding=\"async\" class=\"wp-post-image\" width=\"355\" height=\"355\" alt=\"Alejandro.jpg\" src=\"https:\/\/soyformally.com\/wp-content\/uploads\/2015\/02\/Alejandro-355x355.jpg\"><\/div><div class=\"sc_team_item_info\"><h4 class=\"sc_team_item_title\"><a href=\"https:\/\/soyformally.com\/?team=terri-roberts\">Alejandro G\u00f3mez<\/a><\/h4><div class=\"sc_team_item_position\">Chief Legal and Financial Officer CLO & CFO<\/div><div class=\"sc_team_item_socials\"><div class=\"sc_socials sc_socials_size_small  color_icons\"><div class=\"sc_socials_item\"><a href=\"#\" target=\"_blank\" class=\"social_icons social_camera icons\"><span class=\"icon-camera\"><\/span><span class=\"sc_socials_hover icon-camera\"><\/span><\/a><\/div><div class=\"sc_socials_item\"><a href=\"#\" target=\"_blank\" class=\"social_icons social_facebook icons\"><span class=\"icon-facebook\"><\/span><span class=\"sc_socials_hover icon-facebook\"><\/span><\/a><\/div><div class=\"sc_socials_item\"><a href=\"#\" target=\"_blank\" class=\"social_icons social_linkedin icons\"><span class=\"icon-linkedin\"><\/span><span class=\"sc_socials_hover icon-linkedin\"><\/span><\/a><\/div><div class=\"sc_socials_item\"><a href=\"#\" target=\"_blank\" class=\"social_icons social_youtube icons\"><span class=\"icon-youtube\"><\/span><span class=\"sc_socials_hover icon-youtube\"><\/span><\/a><\/div><\/div><\/div><\/div><\/div><\/div><div class=\"column-1_3\"><div class=\"sc_team_item sc_team_item_5 odd\"><div class=\"sc_team_item_avatar\"><img loading=\"lazy\" decoding=\"async\" class=\"wp-post-image\" width=\"355\" height=\"355\" alt=\"Juan.jpg\" src=\"https:\/\/soyformally.com\/wp-content\/uploads\/2015\/02\/Juan-355x355.jpg\"><\/div><div class=\"sc_team_item_info\"><h4 class=\"sc_team_item_title\"><a href=\"https:\/\/soyformally.com\/?team=pamela-fryman\">Juan Camilo Rodr\u00edguez<\/a><\/h4><div class=\"sc_team_item_position\">Chief Technology and Information Officer CTO & CIO<\/div><div class=\"sc_team_item_socials\"><div class=\"sc_socials sc_socials_size_small  color_icons\"><div class=\"sc_socials_item\"><a href=\"#\" target=\"_blank\" class=\"social_icons social_camera icons\"><span class=\"icon-camera\"><\/span><span class=\"sc_socials_hover icon-camera\"><\/span><\/a><\/div><div class=\"sc_socials_item\"><a href=\"#\" target=\"_blank\" class=\"social_icons social_facebook icons\"><span class=\"icon-facebook\"><\/span><span class=\"sc_socials_hover icon-facebook\"><\/span><\/a><\/div><div class=\"sc_socials_item\"><a href=\"#\" target=\"_blank\" class=\"social_icons social_linkedin icons\"><span class=\"icon-linkedin\"><\/span><span class=\"sc_socials_hover icon-linkedin\"><\/span><\/a><\/div><div class=\"sc_socials_item\"><a href=\"#\" target=\"_blank\" class=\"social_icons social_youtube icons\"><span class=\"icon-youtube\"><\/span><span class=\"sc_socials_hover icon-youtube\"><\/span><\/a><\/div><\/div><\/div><\/div><\/div><\/div><\/div><\/div>[\/vc_column][\/vc_row]<\/p>\n<\/div>","protected":false},"excerpt":{"rendered":"<p>[vc_row full_width=&#8221;stretch_row_content&#8221; css=&#8221;.vc_custom_1591479487086{margin-left: -20px !important;}&#8221;][vc_column][\/vc_column][\/vc_row][vc_row full_width=&#8221;stretch_row&#8221; full_height=&#8221;yes&#8221; content_placement=&#8221;middle&#8221; disable_element=&#8221;yes&#8221; css=&#8221;.vc_custom_1628786482305{background-color: #ffc429 !important;}&#8221;][vc_column][\/vc_column][\/vc_row]<\/p>\n","protected":false},"author":2,"featured_media":0,"parent":0,"menu_order":0,"comment_status":"open","ping_status":"open","template":"","meta":{"footnotes":""},"class_list":["post-756","page","type-page","status-publish","hentry"],"_links":{"self":[{"href":"https:\/\/soyformally.com\/index.php?rest_route=\/wp\/v2\/pages\/756","targetHints":{"allow":["GET"]}}],"collection":[{"href":"https:\/\/soyformally.com\/index.php?rest_route=\/wp\/v2\/pages"}],"about":[{"href":"https:\/\/soyformally.com\/index.php?rest_route=\/wp\/v2\/types\/page"}],"author":[{"embeddable":true,"href":"https:\/\/soyformally.com\/index.php?rest_route=\/wp\/v2\/users\/2"}],"replies":[{"embeddable":true,"href":"https:\/\/soyformally.com\/index.php?rest_route=%2Fwp%2Fv2%2Fcomments&post=756"}],"version-history":[{"count":114,"href":"https:\/\/soyformally.com\/index.php?rest_route=\/wp\/v2\/pages\/756\/revisions"}],"predecessor-version":[{"id":4341,"href":"https:\/\/soyformally.com\/index.php?rest_route=\/wp\/v2\/pages\/756\/revisions\/4341"}],"wp:attachment":[{"href":"https:\/\/soyformally.com\/index.php?rest_route=%2Fwp%2Fv2%2Fmedia&parent=756"}],"curies":[{"name":"wp","href":"https:\/\/api.w.org\/{rel}","templated":true}]}}