{"id":2442,"date":"2015-06-01T11:41:46","date_gmt":"2015-06-01T11:41:46","guid":{"rendered":"http:\/\/petclub.themerex.net\/?page_id=2442"},"modified":"2021-08-14T18:00:22","modified_gmt":"2021-08-14T23:00:22","slug":"our-services","status":"publish","type":"page","link":"https:\/\/soyformally.com\/?page_id=2442","title":{"rendered":"Servicios"},"content":{"rendered":"<div class=\"wpb-content-wrapper\"><p>[vc_row][vc_column]<!-- #TRX_GAP_START# --><div class=\"sc_section aligncenter\" style=\"color:#ffffff;background-image:url(https:\/\/soyformally.com\/wp-content\/uploads\/2020\/06\/ss.jpg);\"><div class=\"sc_section_overlay\" style=\"background-color:rgba(3,51,94,0.8);\" data-overlay=\"0.8\" data-bg_color=\"#03335e\"><div class=\"sc_section_content\"><div class=\"sc_content content_wrap\" style=\"margin-top:5em !important;margin-bottom:5em !important;\"><h2 class=\"sc_title sc_title_underline sc_align_center\" style=\"margin-top:5px;margin-bottom:30px;text-align:center;color:#ffffff;\">\u00a1Conoce nuestras l\u00edneas de servicio!<\/h2>[vc_empty_space]<div class=\"columns_wrap sc_columns columns_nofluid sc_columns_count_5\"><div class=\"column-1_5 sc_column_item sc_column_item_1 odd first\"><span class=\"sc_icon icon-comments sc_icon_shape_round\" style=\"font-size:4.4em; line-height: 1.8em;color:#ffffff;border-color:#ffffff;background-color:rgba(249,251,252,0.1); border-color:#f9fbfc;\"><\/span><div id=\"sc_skills_diagram_1772899257\" class=\"sc_skills sc_skills_counter\" style=\"margin-top:24px;\" data-type=\"counter\" data-subtitle=\"Skills\"><\/div><div class=\"sc_section\">[vc_column_text]Asesor\u00eda legal[\/vc_column_text]<\/div><\/div><div class=\"column-1_5 sc_column_item sc_column_item_2 even\"><span class=\"sc_icon icon-paper_pencil sc_icon_shape_round\" style=\"font-size:4.4em; line-height: 1.8em;color:#ffffff;border-color:#ffffff;background-color:rgba(249,251,252,0.1); border-color:#f9fbfc;\"><\/span><div id=\"sc_skills_diagram_2049866747\" class=\"sc_skills sc_skills_counter\" style=\"margin-top:24px;\" data-type=\"counter\" data-subtitle=\"Skills\"><\/div><div class=\"sc_section\">[vc_column_text]Pedagog\u00eda[\/vc_column_text]<\/div><\/div><div class=\"column-1_5 sc_column_item sc_column_item_3 odd\"><span class=\"sc_icon icon-ok sc_icon_shape_round\" style=\"font-size:4.4em; line-height: 1.8em;color:#ffffff;border-color:#ffffff;background-color:rgba(249,251,252,0.1); border-color:#f9fbfc;\"><\/span><div id=\"sc_skills_diagram_369464534\" class=\"sc_skills sc_skills_counter\" style=\"margin-top:24px;\" data-type=\"counter\" data-subtitle=\"Skills\"><\/div><div class=\"sc_section\">[vc_column_text]Afiliaciones[\/vc_column_text]<\/div><\/div><div class=\"column-1_5 sc_column_item sc_column_item_4 even\"><span class=\"sc_icon icon-credit-card sc_icon_shape_round\" style=\"font-size:4.4em; line-height: 1.8em;color:#ffffff;border-color:#ffffff;background-color:rgba(249,251,252,0.1); border-color:#f9fbfc;\"><\/span><div id=\"sc_skills_diagram_1258194897\" class=\"sc_skills sc_skills_counter\" style=\"margin-top:24px;\" data-type=\"counter\" data-subtitle=\"Skills\"><\/div><div class=\"sc_section\">[vc_column_text]Pagos de planillas[\/vc_column_text]<\/div><\/div><div class=\"column-1_5 sc_column_item sc_column_item_5 odd\"><span class=\"sc_icon icon-plus sc_icon_shape_round\" style=\"font-size:4.4em; line-height: 1.8em;color:#ffffff;border-color:#ffffff;background-color:rgba(249,251,252,0.1); border-color:#f9fbfc;\"><\/span><div id=\"sc_skills_diagram_820311441\" class=\"sc_skills sc_skills_counter\" style=\"margin-top:24px;\" data-type=\"counter\" data-subtitle=\"Skills\"><\/div><div class=\"sc_section\">[vc_column_text]Verificaci\u00f3n de formalizaci\u00f3n[\/vc_column_text]<\/div><\/div><\/div><\/div><\/div><\/div><\/div><!-- #TRX_GAP_END# -->[\/vc_column][\/vc_row][vc_row][vc_column css=&#8221;.vc_custom_1593555433509{margin-top: 70px !important;}&#8221;]<h2 class=\"sc_title sc_title_regular\" style=\"margin-top:0px;margin-bottom:1em;\">\u00bfDeseas m\u00e1s informaci\u00f3n?<\/h2>[vc_tta_accordion style=&#8221;flat&#8221; active_section=&#8221;1&#8243;][vc_tta_section title=&#8221;Asesor\u00eda legal&#8221; tab_id=&#8221;1593554999092-cdab9fa6-3c68&#8243;][vc_column_text]Nuestros abogados te asesorar\u00e1n en las distintas alternativas que tienes para formalizarte, sus beneficios y la manera de hacerlo m\u00e1s econ\u00f3mica. [\/vc_column_text][\/vc_tta_section][vc_tta_section title=&#8221;Pedagog\u00eda&#8221; tab_id=&#8221;1593554999119-56c8670e-ea89&#8243;][vc_column_text]En Formally buscamos que tengas toda la informaci\u00f3n y el conocimiento necesario para que tomes decisiones acertadas que te permitan crecer sosteniblemente. Hacemos eventos de capacitaci\u00f3n y te brindamos recursos online para que comprendas los riesgos de no estar formalizado, las ventajas de hacerlo y c\u00f3mo hacerlo disminuyendo costos. As\u00ed mismo, hemos integrado videos, cartillas e informaci\u00f3n que te permitir\u00e1 prevenir accidentes de trabajo, enfermedades laborales y cumplir con obligaciones legales sobre seguridad social y parafiscales.[\/vc_column_text][\/vc_tta_section][vc_tta_section title=&#8221;Afiliaciones a Salud, Pensiones, Riesgos Laborales y Cajas de Compensaci\u00f3n&#8221; tab_id=&#8221;1593555829571-2e2b40b3-9070&#8243;][vc_column_text]Te asesoramos y acompa\u00f1amos en el proceso de afiliaci\u00f3n a EPS, ARL, fondo de pensiones y Cajas de Compensaci\u00f3n Familiar. Adem\u00e1s, hemos desarrollado alianzas con Porvenir, Nueva EPS, Positiva y otros, para hacer tus tr\u00e1mites m\u00e1s f\u00e1ciles y r\u00e1pidos. [\/vc_column_text][\/vc_tta_section][vc_tta_section title=&#8221;Pagos de planillas de aportes a seguridad social&#8221; tab_id=&#8221;1593555869800-abd41018-3b32&#8243;][vc_column_text]Te ayudamos a realizar los pagos a seguridad social y parafiscales f\u00e1cil y r\u00e1pidamente. Hemos desarrollado una alianza con (Aportes en L\u00ednea) una reconocida PILA, autorizada por el Estado colombiano para operar y con gran trayectoria y reconocimiento que nos brinda tranquilidad y seguridad. Tus pagos llegar\u00e1n seguros y no tendr\u00e1s problemas despu\u00e9s con tu EPS, ARL o fondo de pensiones por que no se registraron.<\/p>\n<p>Adem\u00e1s, podr\u00e1s realizar tus pagos a trav\u00e9s de amplia red de cajeros, sucursales virtuales y f\u00edsicas o a trav\u00e9s de portal web podr\u00e1s realizar los pagos.[\/vc_column_text][\/vc_tta_section][vc_tta_section title=&#8221;Verificaci\u00f3n de formalizaci\u00f3n&#8221; tab_id=&#8221;1593555905308-39572dbc-dac4&#8243;][vc_column_text]En cualquier momento podr\u00e1s verificar en tiempo real tu estado de formalizaci\u00f3n o el de tus trabajadores, contratistas o conductores. Esto te permitir\u00e1 disminuir riesgos de demandas, multas, procesos ante el Ministerio de Trabajo o ante jueces. Y lo mejor, estar\u00e1s tranquilo que frente a cualquier accidente, enfermedad o contingencia tus trabajadores, contratistas y conductores estar\u00e1n protegidos.[\/vc_column_text][\/vc_tta_section][\/vc_tta_accordion][\/vc_column][\/vc_row][vc_row disable_element=&#8221;yes&#8221;][vc_column]<h1 class=\"sc_title sc_title_regular\"><\/p>\n<p style=\"text-align: center;\">Aliados<\/p>\n<p><\/h1>[\/vc_column][\/vc_row][vc_row disable_element=&#8221;yes&#8221;][vc_column css=&#8221;.vc_custom_1593564589420{margin-bottom: 70px !important;}&#8221;][vc_column_text]<style id=\"sp_lcp_dynamic_css4251\">div#logo-carousel-free-4251.logo-carousel-free .sp-lc-logo{border: 0px solid #dddddd;border-radius: 0px;overflow: hidden;}div#logo-carousel-free-4251.logo-carousel-free .sp-lc-logo:hover{border-color: #16a08b;}#logo-carousel-free-4251.sp-lc-container .sp-lc-pagination .swiper-pagination-bullet {background-color: #ddd;margin: 0 4px;}#logo-carousel-free-4251.sp-lc-container .sp-lc-pagination .swiper-pagination-bullet.swiper-pagination-bullet-active{background-color: #16a08b; }#logo-carousel-free-4251.sp-lc-container .sp-logo-carousel {padding-top: 46px;}#logo-carousel-free-4251.sp-lc-container .sp-lc-button-prev,#logo-carousel-free-4251.sp-lc-container .sp-lc-button-next {color: #afafaf;background: #f0f0f0;border: 0px solid #afafaf;line-height: 30px;}#logo-carousel-free-4251.sp-lc-container .sp-lc-button-prev:hover,#logo-carousel-free-4251.sp-lc-container .sp-lc-button-next:hover{background-color: #16a08b;color: #ffffff;border-color: #16a08b;}@media only screen and (max-width: 576px) {} .logo-carousel-free-area#logo-carousel-free-4251 .sp-logo-carousel-section-title{margin-bottom: 30px;}#logo-carousel-free-4251 .sp-lc-grid-container { justify-content: left; align-items: center; } #logo-carousel-free-4251 .swiper-wrapper .swiper-slide { align-self: center; }#logo-carousel-free-4251 .sp-lc-grid-container {margin-left: -4px;margin-right: -4px;width: calc( 100% + 8px);}#logo-carousel-free-4251 .sp-lc-grid-container [class*=\"lc-col\"] {padding-left: 4px;padding-right: 4px;padding-bottom: 8px;}@media screen and (min-width: 1200px ){.logo-carousel-free-area#logo-carousel-free-4251 .sp-logo-carousel:not([class*=\"-initialized\"]) > .swiper-wrapper {display: flex;width: calc( 100% + 12px );}.logo-carousel-free-area#logo-carousel-free-4251 .sp-logo-carousel:not([class*=\"-initialized\"]) > .swiper-wrapper > .swiper-slide {width: 25%;padding-right: 12px;}}<\/style>\n<div id='logo-carousel-free-4251' class=\"logo-carousel-free logo-carousel-free-area sp-lc-container\">\n\t\t<h2 class=\"sp-logo-carousel-section-title\">Aliados<\/h2>\n\t\t<div id=\"sp-logo-carousel-id-4251\" class=\"swiper-container sp-logo-carousel \" dir=\"ltr\" data-carousel='{ \"speed\":450,\"spaceBetween\": 8, \"autoplay\": true, \"infinite\":false, \"autoplay_speed\": 2000, \"stop_onHover\": false, \"pagination\": true, \"navigation\": true, \"MobileNav\": true, \"MobilePagi\": true, \"simulateTouch\": true,\"freeMode\": false,\"swipeToSlide\": false, \"carousel_accessibility\": true,\"adaptiveHeight\": false,\"allowTouchMove\": true, \"slidesPerView\": { \"lg_desktop\": 4, \"desktop\": 4, \"tablet\": 4, \"mobile\": 1, \"mobile_landscape\": 4 } }' data-carousel-starts-onscreen=\"false\">\n\t\t<div class=\"swiper-wrapper\">\n\t\t\t\t<div class=\"swiper-slide\"><div class=\"sp-lc-logo\"><img loading=\"lazy\" decoding=\"async\" src=\"https:\/\/soyformally.com\/wp-content\/uploads\/2020\/06\/bancolombia-2.png\" title=\"\" alt=\"Bancolombia\" width=\"170\" height=\"85\" class=\"sp-lc-image\"><\/div><\/div>\n\t\t<div class=\"swiper-slide\"><div class=\"sp-lc-logo\"><img loading=\"lazy\" decoding=\"async\" src=\"https:\/\/soyformally.com\/wp-content\/uploads\/2020\/06\/porvenir-2.png\" title=\"\" alt=\"Porvenir\" width=\"170\" height=\"85\" class=\"sp-lc-image\"><\/div><\/div>\n\t\t<div class=\"swiper-slide\"><div class=\"sp-lc-logo\"><img loading=\"lazy\" decoding=\"async\" src=\"https:\/\/soyformally.com\/wp-content\/uploads\/2020\/06\/nueva-eps.png\" title=\"\" alt=\"Nueva EPS\" width=\"170\" height=\"85\" class=\"sp-lc-image\"><\/div><\/div>\n\t\t<div class=\"swiper-slide\"><div class=\"sp-lc-logo\"><img loading=\"lazy\" decoding=\"async\" src=\"https:\/\/soyformally.com\/wp-content\/uploads\/2020\/06\/positiva.png\" title=\"\" alt=\"Positiva\" width=\"170\" height=\"85\" class=\"sp-lc-image\"><\/div><\/div>\n\t\t\t<\/div>\n\n\t\t\t\t\t<div class=\"sp-lc-pagination swiper-pagination dots\"><\/div>\n\t\t\t\t\t\t<div class=\"sp-lc-button-next\"><i class=\"fa fa-angle-right\"><\/i><\/div>\n\t\t\t<div class=\"sp-lc-button-prev\"><i class=\"fa fa-angle-left\"><\/i><\/div>\n\t\t\t\t<\/div>\n<\/div>\n[\/vc_column_text][\/vc_column][\/vc_row]<\/p>\n<\/div>","protected":false},"excerpt":{"rendered":"<p>[vc_row][vc_column][\/vc_column][\/vc_row][vc_row][vc_column css=&#8221;.vc_custom_1593555433509{margin-top: 70px !important;}&#8221;][vc_tta_accordion style=&#8221;flat&#8221; active_section=&#8221;1&#8243;][vc_tta_section title=&#8221;Asesor\u00eda legal&#8221; tab_id=&#8221;1593554999092-cdab9fa6-3c68&#8243;][vc_column_text]Nuestros abogados te asesorar\u00e1n en las distintas alternativas que tienes para formalizarte, sus beneficios y la manera de hacerlo m\u00e1s econ\u00f3mica. [\/vc_column_text][\/vc_tta_section][vc_tta_section title=&#8221;Pedagog\u00eda&#8221; tab_id=&#8221;1593554999119-56c8670e-ea89&#8243;][vc_column_text]En Formally buscamos que tengas toda la informaci\u00f3n y el conocimiento necesario para que tomes decisiones acertadas que te permitan crecer sosteniblemente. Hacemos eventos [&hellip;]<\/p>\n","protected":false},"author":2,"featured_media":0,"parent":0,"menu_order":0,"comment_status":"open","ping_status":"open","template":"","meta":{"footnotes":""},"class_list":["post-2442","page","type-page","status-publish","hentry"],"_links":{"self":[{"href":"https:\/\/soyformally.com\/index.php?rest_route=\/wp\/v2\/pages\/2442","targetHints":{"allow":["GET"]}}],"collection":[{"href":"https:\/\/soyformally.com\/index.php?rest_route=\/wp\/v2\/pages"}],"about":[{"href":"https:\/\/soyformally.com\/index.php?rest_route=\/wp\/v2\/types\/page"}],"author":[{"embeddable":true,"href":"https:\/\/soyformally.com\/index.php?rest_route=\/wp\/v2\/users\/2"}],"replies":[{"embeddable":true,"href":"https:\/\/soyformally.com\/index.php?rest_route=%2Fwp%2Fv2%2Fcomments&post=2442"}],"version-history":[{"count":57,"href":"https:\/\/soyformally.com\/index.php?rest_route=\/wp\/v2\/pages\/2442\/revisions"}],"predecessor-version":[{"id":4336,"href":"https:\/\/soyformally.com\/index.php?rest_route=\/wp\/v2\/pages\/2442\/revisions\/4336"}],"wp:attachment":[{"href":"https:\/\/soyformally.com\/index.php?rest_route=%2Fwp%2Fv2%2Fmedia&parent=2442"}],"curies":[{"name":"wp","href":"https:\/\/api.w.org\/{rel}","templated":true}]}}