{"id":1560,"date":"2015-04-30T14:03:14","date_gmt":"2015-04-30T14:03:14","guid":{"rendered":"http:\/\/solaris.themerex.net\/?page_id=1560"},"modified":"2021-08-14T16:23:16","modified_gmt":"2021-08-14T21:23:16","slug":"homepage","status":"publish","type":"page","link":"https:\/\/soyformally.com\/","title":{"rendered":"Homepage"},"content":{"rendered":"<div class=\"wpb-content-wrapper\"><p>[vc_row full_width=&#8221;stretch_row_content&#8221;][vc_column]<div class=\"columns_wrap sc_columns columns_nofluid sc_columns_count_2\" style=\"margin-top:4em;\"><div class=\"column-1_2 sc_column_item sc_column_item_1 odd first\" data-animation=\"animated fadeInLeft normal\"><figure class=\"sc_image  sc_image_shape_square\" style=\"margin-top:2em !important;margin-left:-14px !important;\"><img decoding=\"async\" src=\"https:\/\/soyformally.com\/wp-content\/uploads\/2020\/05\/somos.jpg\" alt=\"\" \/><\/figure><\/div><div class=\"column-1_2 sc_column_item sc_column_item_2 even\"><h3 class=\"sc_title sc_title_regular main_color\" style=\"margin-top:100px;margin-bottom:0.8em;font-weight:400;\">\u00a1Formally es una herramienta tecnol\u00f3gica de f\u00e1cil acceso!<\/h3><div class=\"sc_section accent_color\" style=\"margin-top:50px !important;margin-bottom:1.9em !important;font-size:14px; line-height: 1.6em;font-weight:600;\">[vc_column_text css=&#8221;.vc_custom_1628974640213{margin-right: 50px !important;}&#8221;]<\/p>\n<h5>Cada uno de los servicios est\u00e1 asesorado directamente por abogados especializados, quienes brindar\u00e1n la mejor opci\u00f3n para cada una de las necesidades.<\/h5>\n<p>[\/vc_column_text]<\/div><div class=\"sc_section\"><span class=\"sc_icon icon-circle alignleft main_color\" style=\"display:block;margin-top:7px;margin-right:20px;margin-bottom:1em;font-size:0.7em; line-height: 1em;\"><\/span>[vc_column_text]Contrataci\u00f3n.[\/vc_column_text]<\/div><div class=\"sc_section\"><span class=\"sc_icon icon-circle alignleft main_color\" style=\"display:block;margin-top:7px;margin-right:20px;margin-bottom:1em;font-size:0.7em; line-height: 1em;\"><\/span>[vc_column_text]Afiliaci\u00f3n (ARL, EPS, Fondo de Pensiones, otro).[\/vc_column_text]<\/div><div class=\"sc_section\"><span class=\"sc_icon icon-circle alignleft main_color\" style=\"display:block;margin-top:7px;margin-right:20px;margin-bottom:1em;font-size:0.7em; line-height: 1em;\"><\/span>[vc_column_text]Pagos a Seguridad Social y Parafiscales.[\/vc_column_text]<\/div><div class=\"sc_section\"><span class=\"sc_icon icon-circle alignleft main_color\" style=\"display:block;margin-top:7px;margin-right:20px;margin-bottom:1em;font-size:0.7em; line-height: 1em;\"><\/span>[vc_column_text]Cumplimiento requisitos legales.[\/vc_column_text]<\/div><div class=\"sc_section\"><span class=\"sc_icon icon-circle alignleft main_color\" style=\"display:block;margin-top:7px;margin-right:20px;margin-bottom:1em;font-size:0.7em; line-height: 1em;\"><\/span>[vc_column_text]Asesorias.[\/vc_column_text]<\/div><a href=\"https:\/\/soyformally.com\/?page_id=2442\" class=\"sc_button sc_button_square sc_button_bg_color_2\" style=\"margin-top:2.5em;margin-bottom:6.5em;\">M\u00e1s Informaci\u00f3n<span class=\"sc_button_hover_icon\"><\/span><\/a><\/div><\/div>[vc_empty_space height=&#8221;90px&#8221;][\/vc_column][\/vc_row][vc_row][vc_column]<!-- #TRX_GAP_START# --><div class=\"sc_section\" style=\"background-color:#f5f9fa;\"><div class=\"sc_section_overlay\" style=\"\"><div class=\"sc_section_content\"><div class=\"sc_content content_wrap\" style=\"margin-top:5em !important;margin-bottom:5.5em !important;\"><h2 class=\"sc_title sc_title_underline sc_align_center\" style=\"margin-top:0px;margin-bottom:0.6em;text-align:center;\">\u00bfPor qu\u00e9 usar Formally?<\/h2><div class=\"sc_section aligncenter\" style=\"margin-bottom:5em !important;color:#6d8192;font-size:14px; line-height: 1.6em;font-weight:400;\">[vc_column_text]<\/p>\n<h6>Es una plataforma fresca, innovadora y de alta calidad,\u00a0 comprometida con la formalizaci\u00f3n de tus trabajadores, contratistas o incluso t\u00fa estar\u00e1s protegido.<\/h6>\n<p>[\/vc_column_text]<\/div><div class=\"columns_wrap sc_columns columns_nofluid sc_columns_count_4\"><div class=\"column-1_4 sc_column_item sc_column_item_1 odd first\"><div class=\"sc_services_block\"><div class=\"sc_services_count\">1<\/div><div class=\"sc_services_block_head\"><div class=\"sc_services_block_icon icon-heart-2\"><\/div><div class=\"sc_services_block_title\">Confianza<\/div><\/div><\/div><\/div><div class=\"column-1_4 sc_column_item sc_column_item_2 even\"><div class=\"sc_services_block\"><div class=\"sc_services_count\">2<\/div><div class=\"sc_services_block_head\"><div class=\"sc_services_block_icon icon-desktop\"><\/div><div class=\"sc_services_block_title\">F\u00e1cil uso<\/div><\/div><\/div><\/div><div class=\"column-1_4 sc_column_item sc_column_item_3 odd\"><div class=\"sc_services_block\"><div class=\"sc_services_count\">3<\/div><div class=\"sc_services_block_head\"><div class=\"sc_services_block_icon icon-ok\"><\/div><div class=\"sc_services_block_title\">Tranquilidad<\/div><\/div><\/div><\/div><div class=\"column-1_4 sc_column_item sc_column_item_4 even\"><div class=\"sc_services_block\"><div class=\"sc_services_count\">4<\/div><div class=\"sc_services_block_head\"><div class=\"sc_services_block_icon icon-plus-2\"><\/div><div class=\"sc_services_block_title\">Respaldo<\/div><\/div><\/div><\/div><\/div><\/div><\/div><\/div><\/div><!-- #TRX_GAP_END# -->[\/vc_column][\/vc_row][vc_row][vc_column]<!-- #TRX_GAP_START# --><div class=\"sc_section\" style=\"background-image:url(https:\/\/soyformally.com\/wp-content\/uploads\/2020\/05\/demo-3.jpg);\"><div class=\"sc_section_overlay\" style=\"\"><div class=\"sc_section_content\"><div class=\"sc_content content_wrap\" data-animation=\"animated fadeInUp normal\" style=\"margin-top:5.2em !important;margin-bottom:5.5em !important;\"><h2 class=\"sc_title sc_title_regular accent_color_2\" style=\"margin-top:0px;margin-bottom:0.8em;\"><span style=\"color: #000000;\">\u00bfDeseas m\u00e1s informaci\u00f3n<\/span><br \/>\n<span style=\"color: #000000;\">de Formally?<\/span><\/h2>[vc_column_text]<strong>Para nosotros es importante brindarte toda la informaci\u00f3n<\/strong><br \/>\n<strong>de Formally y darte a conocer todos beneficios de la misma<\/strong>[\/vc_column_text]<a href=\"https:\/\/soyformally.com\/?page_id=52\" class=\"sc_button sc_button_square sc_button_bg_color_2  sc_button_iconed \" style=\"margin-top:3.7em;\"><span class=\"sc_button_iconed icon-heart-empty\">M\u00e1s informaci\u00f3n<\/span><span class=\"sc_button_hover_icon\"><\/span><\/a><\/div><\/div><\/div><\/div><!-- #TRX_GAP_END# -->[\/vc_column][\/vc_row][vc_row][vc_column]<div class=\"sc_section aligncenter\"><div class=\"sc_content content_wrap\" data-animation=\"animated fadeInUp normal\" style=\"margin-top:6em !important;margin-bottom:6.5em !important;\"><h2 class=\"sc_title sc_title_underline sc_align_center main_color\" style=\"margin-top:0px;margin-bottom:25px;text-align:center;\">Formally Blog<\/h2><div class=\"sc_section\" style=\"margin-bottom:3.3em !important;color:#6d8192;font-size:14px; line-height: 1.6em;font-weight:400;\"><\/div><div id=\"sc_blogger_1892771653\" class=\"sc_blogger layout_news template_news  sc_blogger_horizontal\"><div class=\"columns_wrap\">\t\t\t<div class=\"column-1_3 column_item_1 odd first\">\n\t\t\t\t\t\n\t\t<div class=\"post_item post_item_news sc_blogger_item\">\n\t\t\t\t\t\t\t<div class=\"post_featured\">\n\t\t\t\t\t<div class=\"sc_video_player\"><div class=\"sc_video_frame sc_video_play_button hover_icon hover_icon_play\" data-width=\"400\" data-height=\"225\" data-video=\"&lt;iframe class=&quot;video_frame&quot; src=&quot;https:\/\/www.youtube.com\/watch?time_continue=1&#038;autoplay=1&quot; width=&quot;400&quot; height=&quot;225&quot; frameborder=&quot;0&quot; webkitAllowFullScreen=&quot;webkitAllowFullScreen&quot; mozallowfullscreen=&quot;mozallowfullscreen&quot; allowFullScreen=&quot;allowFullScreen&quot;&gt;&lt;\/iframe&gt;\"><img loading=\"lazy\" decoding=\"async\" class=\"wp-post-image\" width=\"400\" height=\"260\" alt=\"Formalizaci\u00f3n Laboral\" src=\"https:\/\/soyformally.com\/wp-content\/uploads\/2020\/07\/familia-400x260.jpg\"><\/div><\/div>\t\t\t\t<\/div>\n\t\t\t\t\t\t\t\n\t\t\t<div class=\"post_content sc_blogger_content\">\n\t\t\t\t<h4 class=\"post_title sc_title sc_blogger_title\"><a href=\"https:\/\/soyformally.com\/?p=4303\">Formalizaci\u00f3n Laboral<\/a><\/h4>\t\t\t<div class=\"post_info\">\n\t\t\t\t\t\t\t\t\t\t<span class=\"post_info_item post_info_posted\"><a href=\"https:\/\/soyformally.com\/?p=4303\" class=\"post_info_date\">1 July, 2020<\/a><\/span>\n\t\t\t\t\t\t\t\t<\/div>\n\t\t\t\t\t<div class=\"post_descr\">\n\t\t\t\t\t<p>El Ministerio del Trabajo en su compromiso de seguir trabajando por la formalizaci\u00f3n laboral, se ha propuesto generar escenarios que...<\/p><a href=\"https:\/\/soyformally.com\/?p=4303\" class=\"sc_button sc_button_square sc_button_bg_custom\">Leer m\u00e1s<span class=\"sc_button_hover_icon\"><\/span><\/a>\t\t\t\t\t<\/div>\n\t\t\t\t\t\n\t\t\t<\/div>\t<!-- \/.post_content -->\n\n\t\t<\/div>\t\t<!-- \/.post_item -->\n\t\t\t\t\t<\/div>\t<!-- \/.column-1_x -->\n\t\t\t\t\t\t<div class=\"column-1_3 column_item_2 even\">\n\t\t\t\t\t\n\t\t<div class=\"post_item post_item_news sc_blogger_item\">\n\t\t\t\t\t\t\t<div class=\"post_featured\">\n\t\t\t\t\t\t\t\t<div class=\"post_thumb\">\n\t\t\t<img loading=\"lazy\" decoding=\"async\" class=\"wp-post-image\" width=\"400\" height=\"260\" alt=\"Esto tendr\u00e1 que pagar por salud\" src=\"https:\/\/soyformally.com\/wp-content\/uploads\/2020\/07\/money-2724241_1280-400x260.jpg\"><div class=\"hover_wrap\">\n\t\t\t\t\t\t<div class=\"link_wrap\">\n\t\t\t\t\t\t\t<a class=\"hover_link icon-plus-2\" href=\"https:\/\/soyformally.com\/?p=4286\"><\/a>\n\t\t\t\t\t\t<\/div>\n\t\t\t\t\t<\/div>\t\t\t<\/div>\n\t\t\t\t\t\t\t<\/div>\n\t\t\t\t\t\t\t\n\t\t\t<div class=\"post_content sc_blogger_content\">\n\t\t\t\t<h4 class=\"post_title sc_title sc_blogger_title\"><a href=\"https:\/\/soyformally.com\/?p=4286\">Esto tendr\u00e1 que pagar por salud<\/a><\/h4>\t\t\t<div class=\"post_info\">\n\t\t\t\t\t\t\t\t\t\t<span class=\"post_info_item post_info_posted\"><a href=\"https:\/\/soyformally.com\/?p=4286\" class=\"post_info_date\">1 July, 2020<\/a><\/span>\n\t\t\t\t\t\t\t\t<\/div>\n\t\t\t\t\t<div class=\"post_descr\">\n\t\t\t\t\t<p>Los trabajadores dependientes e independientes en Colombia tendr\u00e1n un alivio de dos meses en el pago de sus cotizaciones a pensi\u00f3n. As\u00ed...<\/p><a href=\"https:\/\/soyformally.com\/?p=4286\" class=\"sc_button sc_button_square sc_button_bg_custom\">Leer m\u00e1s<span class=\"sc_button_hover_icon\"><\/span><\/a>\t\t\t\t\t<\/div>\n\t\t\t\t\t\n\t\t\t<\/div>\t<!-- \/.post_content -->\n\n\t\t<\/div>\t\t<!-- \/.post_item -->\n\t\t\t\t\t<\/div>\t<!-- \/.column-1_x -->\n\t\t\t\t\t\t<div class=\"column-1_3 column_item_3 odd last\">\n\t\t\t\t\t\n\t\t<div class=\"post_item post_item_news sc_blogger_item sc_blogger_item_last\">\n\t\t\t\t\t\t\t<div class=\"post_featured\">\n\t\t\t\t\t\t\t\t<div class=\"post_thumb\">\n\t\t\t<img loading=\"lazy\" decoding=\"async\" class=\"wp-post-image\" width=\"400\" height=\"260\" alt=\"As\u00ed ser\u00eda seguridad social de trabajadores\" src=\"https:\/\/soyformally.com\/wp-content\/uploads\/2020\/07\/app-400x260.jpg\"><div class=\"hover_wrap\">\n\t\t\t\t\t\t<div class=\"link_wrap\">\n\t\t\t\t\t\t\t<a class=\"hover_link icon-plus-2\" href=\"https:\/\/soyformally.com\/?p=4280\"><\/a>\n\t\t\t\t\t\t<\/div>\n\t\t\t\t\t<\/div>\t\t\t<\/div>\n\t\t\t\t\t\t\t<\/div>\n\t\t\t\t\t\t\t\n\t\t\t<div class=\"post_content sc_blogger_content\">\n\t\t\t\t<h4 class=\"post_title sc_title sc_blogger_title\"><a href=\"https:\/\/soyformally.com\/?p=4280\">As\u00ed ser\u00eda seguridad social de trabajadores<\/a><\/h4>\t\t\t<div class=\"post_info\">\n\t\t\t\t\t\t\t\t\t\t<span class=\"post_info_item post_info_posted\"><a href=\"https:\/\/soyformally.com\/?p=4280\" class=\"post_info_date\">1 July, 2020<\/a><\/span>\n\t\t\t\t\t\t\t\t<\/div>\n\t\t\t\t\t<div class=\"post_descr\">\n\t\t\t\t\t<p>Un borrador de un proyecto de ley del Gobierno, que busca establecer reglas claras para que los trabajadores de&nbsp;aplicaciones de...<\/p><a href=\"https:\/\/soyformally.com\/?p=4280\" class=\"sc_button sc_button_square sc_button_bg_custom\">Leer m\u00e1s<span class=\"sc_button_hover_icon\"><\/span><\/a>\t\t\t\t\t<\/div>\n\t\t\t\t\t\n\t\t\t<\/div>\t<!-- \/.post_content -->\n\n\t\t<\/div>\t\t<!-- \/.post_item -->\n\t\t\t\t\t<\/div>\t<!-- \/.column-1_x -->\n\t\t\t<\/div><\/div><\/div><\/div>[\/vc_column][\/vc_row][vc_row][vc_column][vc_separator][\/vc_column][\/vc_row]<\/p>\n<\/div>","protected":false},"excerpt":{"rendered":"<p>[vc_row full_width=&#8221;stretch_row_content&#8221;][vc_column][vc_empty_space height=&#8221;90px&#8221;][\/vc_column][\/vc_row][vc_row][vc_column][\/vc_column][\/vc_row][vc_row][vc_column][\/vc_column][\/vc_row][vc_row][vc_column][\/vc_column][\/vc_row][vc_row][vc_column][vc_separator][\/vc_column][\/vc_row]<\/p>\n","protected":false},"author":2,"featured_media":0,"parent":0,"menu_order":0,"comment_status":"open","ping_status":"open","template":"","meta":{"footnotes":""},"class_list":["post-1560","page","type-page","status-publish","hentry"],"_links":{"self":[{"href":"https:\/\/soyformally.com\/index.php?rest_route=\/wp\/v2\/pages\/1560","targetHints":{"allow":["GET"]}}],"collection":[{"href":"https:\/\/soyformally.com\/index.php?rest_route=\/wp\/v2\/pages"}],"about":[{"href":"https:\/\/soyformally.com\/index.php?rest_route=\/wp\/v2\/types\/page"}],"author":[{"embeddable":true,"href":"https:\/\/soyformally.com\/index.php?rest_route=\/wp\/v2\/users\/2"}],"replies":[{"embeddable":true,"href":"https:\/\/soyformally.com\/index.php?rest_route=%2Fwp%2Fv2%2Fcomments&post=1560"}],"version-history":[{"count":92,"href":"https:\/\/soyformally.com\/index.php?rest_route=\/wp\/v2\/pages\/1560\/revisions"}],"predecessor-version":[{"id":4333,"href":"https:\/\/soyformally.com\/index.php?rest_route=\/wp\/v2\/pages\/1560\/revisions\/4333"}],"wp:attachment":[{"href":"https:\/\/soyformally.com\/index.php?rest_route=%2Fwp%2Fv2%2Fmedia&parent=1560"}],"curies":[{"name":"wp","href":"https:\/\/api.w.org\/{rel}","templated":true}]}}